{"id":571,"date":"2026-01-08T19:18:32","date_gmt":"2026-01-08T19:18:32","guid":{"rendered":"https:\/\/sieben.maxim-design.de\/?page_id=571"},"modified":"2026-01-08T20:10:25","modified_gmt":"2026-01-08T20:10:25","slug":"speisekarte","status":"publish","type":"page","link":"https:\/\/sieben.maxim-design.de\/?page_id=571","title":{"rendered":"Speisekarte"},"content":{"rendered":"\t\t<div data-elementor-type=\"wp-page\" data-elementor-id=\"571\" class=\"elementor elementor-571\" data-elementor-post-type=\"page\">\n\t\t\t\t<div class=\"elementor-element elementor-element-752d785d e-flex e-con-boxed e-con e-parent\" data-id=\"752d785d\" data-element_type=\"container\" data-settings=\"{&quot;background_background&quot;:&quot;classic&quot;}\">\n\t\t\t\t\t<div class=\"e-con-inner\">\n\t\t\t\t<div class=\"elementor-element elementor-element-61458690 elementor-widget elementor-widget-heading\" data-id=\"61458690\" data-element_type=\"widget\" data-widget_type=\"heading.default\">\n\t\t\t\t\t<h1 class=\"elementor-heading-title elementor-size-default\">Speisen &amp; Getr\u00e4nke<\/h1>\t\t\t\t<\/div>\n\t\t\t\t<div class=\"elementor-element elementor-element-25575527 elementor-widget elementor-widget-text-editor\" data-id=\"25575527\" data-element_type=\"widget\" data-widget_type=\"text-editor.default\">\n\t\t\t\t\t\t\t\t\t<p>Entdecken Sie unsere Auswahl an Speisen und Getr\u00e4nken \u2013 sorgf\u00e4ltig zusammengestellt f\u00fcr genussvolle Momente am Hafen M\u00fcnster.<\/p>\t\t\t\t\t\t\t\t<\/div>\n\t\t\t\t<div class=\"elementor-element elementor-element-2929d700 elementor-align-center elementor-invisible elementor-widget elementor-widget-button\" data-id=\"2929d700\" data-element_type=\"widget\" data-settings=\"{&quot;_animation&quot;:&quot;fadeInUp&quot;}\" data-widget_type=\"button.default\">\n\t\t\t\t\t\t\t\t\t\t<a class=\"elementor-button elementor-button-link elementor-size-lg elementor-animation-grow\" href=\"\/wp-content\/uploads\/2026\/01\/Cafe_Sieben_Speisekarte_2024_web.pdf\">\n\t\t\t\t\t\t<span class=\"elementor-button-content-wrapper\">\n\t\t\t\t\t\t\t\t\t<span class=\"elementor-button-text\">Speisekarte Herunterladen <\/span>\n\t\t\t\t\t<\/span>\n\t\t\t\t\t<\/a>\n\t\t\t\t\t\t\t\t<\/div>\n\t\t\t\t<div class=\"elementor-element elementor-element-7c345a4b elementor-widget elementor-widget-image\" data-id=\"7c345a4b\" data-element_type=\"widget\" data-widget_type=\"image.default\">\n\t\t\t\t\t\t\t\t\t\t\t\t\t\t\t\t<a href=\"\/wp-content\/uploads\/2026\/01\/Cafe_Sieben_Speisekarte_2024_web.pdf\">\n\t\t\t\t\t\t\t<img fetchpriority=\"high\" decoding=\"async\" width=\"1213\" height=\"1150\" src=\"https:\/\/sieben.maxim-design.de\/wp-content\/uploads\/2026\/01\/Gemini_Generated_Image_1re1p1re1p1re1p1small-e1767900557477.jpg\" class=\"attachment-full size-full wp-image-593\" alt=\"\" srcset=\"https:\/\/sieben.maxim-design.de\/wp-content\/uploads\/2026\/01\/Gemini_Generated_Image_1re1p1re1p1re1p1small-e1767900557477.jpg 1213w, https:\/\/sieben.maxim-design.de\/wp-content\/uploads\/2026\/01\/Gemini_Generated_Image_1re1p1re1p1re1p1small-e1767900557477-500x474.jpg 500w, https:\/\/sieben.maxim-design.de\/wp-content\/uploads\/2026\/01\/Gemini_Generated_Image_1re1p1re1p1re1p1small-e1767900557477-1200x1138.jpg 1200w, https:\/\/sieben.maxim-design.de\/wp-content\/uploads\/2026\/01\/Gemini_Generated_Image_1re1p1re1p1re1p1small-e1767900557477-300x284.jpg 300w, https:\/\/sieben.maxim-design.de\/wp-content\/uploads\/2026\/01\/Gemini_Generated_Image_1re1p1re1p1re1p1small-e1767900557477-768x728.jpg 768w, https:\/\/sieben.maxim-design.de\/wp-content\/uploads\/2026\/01\/Gemini_Generated_Image_1re1p1re1p1re1p1small-e1767900557477-79x75.jpg 79w, https:\/\/sieben.maxim-design.de\/wp-content\/uploads\/2026\/01\/Gemini_Generated_Image_1re1p1re1p1re1p1small-e1767900557477-700x664.jpg 700w\" sizes=\"(max-width:767px) 700px, (max-width:1213px) 100vw, 1213px\" \/>\t\t\t\t\t\t\t\t<\/a>\n\t\t\t\t\t\t\t\t\t\t\t\t\t\t\t<\/div>\n\t\t\t\t\t<\/div>\n\t\t\t\t<\/div>\n\t\t\t\t<\/div>\n\t\t","protected":false},"excerpt":{"rendered":"<p>Speisen &amp; Getr\u00e4nke Entdecken Sie unsere Auswahl an Speisen und Getr\u00e4nken \u2013 sorgf\u00e4ltig zusammengestellt f\u00fcr genussvolle Momente am Hafen M\u00fcnster. Speisekarte Herunterladen<\/p>\n","protected":false},"author":1,"featured_media":0,"parent":0,"menu_order":0,"comment_status":"closed","ping_status":"closed","template":"","meta":{"footnotes":""},"class_list":["post-571","page","type-page","status-publish","hentry"],"_links":{"self":[{"href":"https:\/\/sieben.maxim-design.de\/index.php?rest_route=\/wp\/v2\/pages\/571","targetHints":{"allow":["GET"]}}],"collection":[{"href":"https:\/\/sieben.maxim-design.de\/index.php?rest_route=\/wp\/v2\/pages"}],"about":[{"href":"https:\/\/sieben.maxim-design.de\/index.php?rest_route=\/wp\/v2\/types\/page"}],"author":[{"embeddable":true,"href":"https:\/\/sieben.maxim-design.de\/index.php?rest_route=\/wp\/v2\/users\/1"}],"replies":[{"embeddable":true,"href":"https:\/\/sieben.maxim-design.de\/index.php?rest_route=%2Fwp%2Fv2%2Fcomments&post=571"}],"version-history":[{"count":28,"href":"https:\/\/sieben.maxim-design.de\/index.php?rest_route=\/wp\/v2\/pages\/571\/revisions"}],"predecessor-version":[{"id":666,"href":"https:\/\/sieben.maxim-design.de\/index.php?rest_route=\/wp\/v2\/pages\/571\/revisions\/666"}],"wp:attachment":[{"href":"https:\/\/sieben.maxim-design.de\/index.php?rest_route=%2Fwp%2Fv2%2Fmedia&parent=571"}],"curies":[{"name":"wp","href":"https:\/\/api.w.org\/{rel}","templated":true}]}}