{"id":69,"date":"2024-08-27T14:55:23","date_gmt":"2024-08-27T14:55:23","guid":{"rendered":"https:\/\/sieben.maxim-design.de\/?page_id=5"},"modified":"2026-01-08T19:40:36","modified_gmt":"2026-01-08T19:40:36","slug":"about","status":"publish","type":"page","link":"https:\/\/sieben.maxim-design.de\/?page_id=69","title":{"rendered":"Das Caf\u00e9 Sieben"},"content":{"rendered":"\t\t<div data-elementor-type=\"wp-page\" data-elementor-id=\"69\" class=\"elementor elementor-69\" data-elementor-post-type=\"page\">\n\t\t\t\t<div class=\"elementor-element elementor-element-28e8dcf e-flex e-con-boxed e-con e-parent\" data-id=\"28e8dcf\" data-element_type=\"container\">\n\t\t\t\t\t<div class=\"e-con-inner\">\n\t\t<div class=\"elementor-element elementor-element-f4d2985 e-con-full e-flex e-con e-child\" data-id=\"f4d2985\" data-element_type=\"container\">\n\t\t\t\t<div class=\"elementor-element elementor-element-b40e544 elementor-widget elementor-widget-text-editor\" data-id=\"b40e544\" data-element_type=\"widget\" data-widget_type=\"text-editor.default\">\n\t\t\t\t\t\t\t\t\t<p>WITH CARE AND RESPECT<\/p>\t\t\t\t\t\t\t\t<\/div>\n\t\t\t\t<div class=\"elementor-element elementor-element-513c8d1 elementor-widget elementor-widget-heading\" data-id=\"513c8d1\" data-element_type=\"widget\" data-widget_type=\"heading.default\">\n\t\t\t\t\t<h3 class=\"elementor-heading-title elementor-size-default\">Caf\u00e9 Sieben M\u00fcnster<\/h3>\t\t\t\t<\/div>\n\t\t\t\t<\/div>\n\t\t<div class=\"elementor-element elementor-element-8a36aca e-con-full e-flex e-con e-child\" data-id=\"8a36aca\" data-element_type=\"container\">\n\t\t\t\t<div class=\"elementor-element elementor-element-f49bb92 elementor-widget elementor-widget-heading\" data-id=\"f49bb92\" data-element_type=\"widget\" data-widget_type=\"heading.default\">\n\t\t\t\t\t<h4 class=\"elementor-heading-title elementor-size-default\">Direkt am Kreativkai, M\u00fcnsters sch\u00f6nem Hafen, liegt das Caf\u00e9 Sieben.\nAuf rund 1.000 Quadratmetern bietet das Caf\u00e9 Raum f\u00fcr Genuss, Begegnung und eine besondere Atmosph\u00e4re \u2013 drinnen wie drau\u00dfen.<\/h4>\t\t\t\t<\/div>\n\t\t\t\t<div class=\"elementor-element elementor-element-5faf5cb elementor-widget elementor-widget-text-editor\" data-id=\"5faf5cb\" data-element_type=\"widget\" data-widget_type=\"text-editor.default\">\n\t\t\t\t\t\t\t\t\t<p data-start=\"355\" data-end=\"666\">Seit der Er\u00f6ffnung im Jahr 2008 ist das Caf\u00e9 Sieben fester Bestandteil des Hafenlebens.<br data-start=\"442\" data-end=\"445\" \/>Kunst, Kultur und Szene pr\u00e4gen das Umfeld und machen den Stadthafen zu einem lebendigen Ort.<br data-start=\"537\" data-end=\"540\" \/>Die Verbindung aus historischen Speicherh\u00e4usern und moderner Architektur verleiht dem Standort seinen einzigartigen Charakter.<\/p>\t\t\t\t\t\t\t\t<\/div>\n\t\t\t\t<\/div>\n\t\t\t\t\t<\/div>\n\t\t\t\t<\/div>\n\t\t<div class=\"elementor-element elementor-element-c015903 e-flex e-con-boxed e-con e-parent\" data-id=\"c015903\" data-element_type=\"container\" data-settings=\"{&quot;background_background&quot;:&quot;classic&quot;}\">\n\t\t\t\t\t<div class=\"e-con-inner\">\n\t\t<div class=\"elementor-element elementor-element-75055ff e-con-full e-flex e-con e-child\" data-id=\"75055ff\" data-element_type=\"container\" data-settings=\"{&quot;background_background&quot;:&quot;classic&quot;}\">\n\t\t\t\t<div class=\"elementor-element elementor-element-ee77d2b elementor-widget elementor-widget-text-editor\" data-id=\"ee77d2b\" data-element_type=\"widget\" data-widget_type=\"text-editor.default\">\n\t\t\t\t\t\t\t\t\t<p>Entspannen und genie\u00dfen Sie mit Ihrer ganzen Familie Ihre Freizeit in <strong data-start=\"185\" data-end=\"210\">bester maritimer Lage<\/strong>.<\/p>\t\t\t\t\t\t\t\t<\/div>\n\t\t\t\t<div class=\"elementor-element elementor-element-765685d elementor-widget elementor-widget-heading\" data-id=\"765685d\" data-element_type=\"widget\" data-widget_type=\"heading.default\">\n\t\t\t\t\t<h4 class=\"elementor-heading-title elementor-size-default\">Das Caf\u00e9 Sieben bietet auf rund 1.000 Quadratmetern Gesamtfl\u00e4che im Innen- und Au\u00dfenbereich Raum f\u00fcr Genuss und Begegnung \u2013 mit Blick auf den Hafen.\n\nOb Kaffeepause, Abendessen oder Cocktail \u2013 das Caf\u00e9 Sieben z\u00e4hlt zu den besonderen Adressen f\u00fcr Caf\u00e9 und Restaurant in M\u00fcnster.<\/h4>\t\t\t\t<\/div>\n\t\t\t\t<div class=\"elementor-element elementor-element-3ef3114 elementor-align-left elementor-widget elementor-widget-button\" data-id=\"3ef3114\" data-element_type=\"widget\" data-widget_type=\"button.default\">\n\t\t\t\t\t\t\t\t\t\t<a class=\"elementor-button elementor-button-link elementor-size-sm\" href=\"https:\/\/sieben.maxim-design.de\/services\/\">\n\t\t\t\t\t\t<span class=\"elementor-button-content-wrapper\">\n\t\t\t\t\t\t<span class=\"elementor-button-icon\">\n\t\t\t\t<svg aria-hidden=\"true\" class=\"e-font-icon-svg e-fas-arrow-right\" viewBox=\"0 0 448 512\" xmlns=\"http:\/\/www.w3.org\/2000\/svg\"><path d=\"M190.5 66.9l22.2-22.2c9.4-9.4 24.6-9.4 33.9 0L441 239c9.4 9.4 9.4 24.6 0 33.9L246.6 467.3c-9.4 9.4-24.6 9.4-33.9 0l-22.2-22.2c-9.5-9.5-9.3-25 .4-34.3L311.4 296H24c-13.3 0-24-10.7-24-24v-32c0-13.3 10.7-24 24-24h287.4L190.9 101.2c-9.8-9.3-10-24.8-.4-34.3z\"><\/path><\/svg>\t\t\t<\/span>\n\t\t\t\t\t\t\t\t\t<span class=\"elementor-button-text\"> OUR SERVICES<\/span>\n\t\t\t\t\t<\/span>\n\t\t\t\t\t<\/a>\n\t\t\t\t\t\t\t\t<\/div>\n\t\t\t\t<\/div>\n\t\t\t\t\t<\/div>\n\t\t\t\t<\/div>\n\t\t<div class=\"elementor-element elementor-element-93b8881 e-flex e-con-boxed e-con e-parent\" data-id=\"93b8881\" data-element_type=\"container\">\n\t\t\t\t\t<div class=\"e-con-inner\">\n\t\t\t\t<div class=\"elementor-element elementor-element-56cb912 elementor-widget elementor-widget-video\" data-id=\"56cb912\" data-element_type=\"widget\" data-settings=\"{&quot;video_type&quot;:&quot;hosted&quot;,&quot;autoplay&quot;:&quot;yes&quot;,&quot;play_on_mobile&quot;:&quot;yes&quot;,&quot;controls&quot;:&quot;yes&quot;}\" data-widget_type=\"video.default\">\n\t\t\t\t\t\t\t<div class=\"e-hosted-video elementor-wrapper elementor-open-inline\">\n\t\t\t\t\t<video class=\"elementor-video\" src=\"https:\/\/sieben.maxim-design.de\/wp-content\/uploads\/2026\/01\/cafesieben.mp4\" autoplay=\"\" controls=\"\" playsinline=\"\" controlsList=\"nodownload\"><\/video>\n\t\t\t\t<\/div>\n\t\t\t\t\t\t<\/div>\n\t\t\t\t\t<\/div>\n\t\t\t\t<\/div>\n\t\t<div class=\"elementor-element elementor-element-fe02435 e-flex e-con-boxed e-con e-parent\" data-id=\"fe02435\" data-element_type=\"container\">\n\t\t\t\t\t<div class=\"e-con-inner\">\n\t\t<div class=\"elementor-element elementor-element-643a306 e-con-full e-flex e-con e-child\" data-id=\"643a306\" data-element_type=\"container\">\n\t\t\t\t<div class=\"elementor-element elementor-element-e59ae96 elementor-widget elementor-widget-heading\" data-id=\"e59ae96\" data-element_type=\"widget\" data-widget_type=\"heading.default\">\n\t\t\t\t\t<h4 class=\"elementor-heading-title elementor-size-default\">Essen mit Blick auf den Hafen.<\/h4>\t\t\t\t<\/div>\n\t\t\t\t<div class=\"elementor-element elementor-element-e158097 elementor-widget elementor-widget-text-editor\" data-id=\"e158097\" data-element_type=\"widget\" data-widget_type=\"text-editor.default\">\n\t\t\t\t\t\t\t\t\t<p>Frische Zutaten, ehrliche K\u00fcche und entspannte Atmosph\u00e4re \u2013<br data-start=\"307\" data-end=\"310\" \/>im Caf\u00e9 Sieben genie\u00dfen Sie gutes Essen am Stadthafen M\u00fcnster.<\/p>\t\t\t\t\t\t\t\t<\/div>\n\t\t\t\t<\/div>\n\t\t<div class=\"elementor-element elementor-element-a9d5466 e-con-full e-flex e-con e-child\" data-id=\"a9d5466\" data-element_type=\"container\">\n\t\t\t\t<div class=\"elementor-element elementor-element-789f060 elementor-widget__width-initial elementor-widget elementor-widget-image\" data-id=\"789f060\" data-element_type=\"widget\" data-widget_type=\"image.default\">\n\t\t\t\t\t\t\t\t\t\t\t\t\t\t\t<img fetchpriority=\"high\" decoding=\"async\" width=\"1200\" height=\"800\" src=\"https:\/\/sieben.maxim-design.de\/wp-content\/uploads\/2026\/01\/IMG_7075-1200x800.jpg\" class=\"attachment-large size-large wp-image-522\" alt=\"\" srcset=\"https:\/\/sieben.maxim-design.de\/wp-content\/uploads\/2026\/01\/IMG_7075-1200x800.jpg 1200w, https:\/\/sieben.maxim-design.de\/wp-content\/uploads\/2026\/01\/IMG_7075-500x333.jpg 500w, https:\/\/sieben.maxim-design.de\/wp-content\/uploads\/2026\/01\/IMG_7075-300x200.jpg 300w, https:\/\/sieben.maxim-design.de\/wp-content\/uploads\/2026\/01\/IMG_7075-768x512.jpg 768w, https:\/\/sieben.maxim-design.de\/wp-content\/uploads\/2026\/01\/IMG_7075-113x75.jpg 113w, https:\/\/sieben.maxim-design.de\/wp-content\/uploads\/2026\/01\/IMG_7075-700x467.jpg 700w\" sizes=\"(max-width:767px) 700px, (max-width:1200px) 100vw, 1200px\" \/>\t\t\t\t\t\t\t\t\t\t\t\t\t\t\t<\/div>\n\t\t\t\t<\/div>\n\t\t\t\t\t<\/div>\n\t\t\t\t<\/div>\n\t\t<div class=\"elementor-element elementor-element-072abdd e-flex e-con-boxed e-con e-parent\" data-id=\"072abdd\" data-element_type=\"container\">\n\t\t\t\t\t<div class=\"e-con-inner\">\n\t\t<div class=\"elementor-element elementor-element-1d61207 e-con-full e-flex e-con e-child\" data-id=\"1d61207\" data-element_type=\"container\">\n\t\t\t\t<div class=\"elementor-element elementor-element-3073354 elementor-widget__width-initial elementor-widget elementor-widget-image\" data-id=\"3073354\" data-element_type=\"widget\" data-widget_type=\"image.default\">\n\t\t\t\t\t\t\t\t\t\t\t\t\t\t\t<img decoding=\"async\" width=\"1200\" height=\"491\" src=\"https:\/\/sieben.maxim-design.de\/wp-content\/uploads\/2026\/01\/cafesieben-Muenster-1200x491.jpg\" class=\"attachment-large size-large wp-image-524\" alt=\"\" srcset=\"https:\/\/sieben.maxim-design.de\/wp-content\/uploads\/2026\/01\/cafesieben-Muenster-1200x491.jpg 1200w, https:\/\/sieben.maxim-design.de\/wp-content\/uploads\/2026\/01\/cafesieben-Muenster-500x205.jpg 500w, https:\/\/sieben.maxim-design.de\/wp-content\/uploads\/2026\/01\/cafesieben-Muenster-300x123.jpg 300w, https:\/\/sieben.maxim-design.de\/wp-content\/uploads\/2026\/01\/cafesieben-Muenster-768x314.jpg 768w, https:\/\/sieben.maxim-design.de\/wp-content\/uploads\/2026\/01\/cafesieben-Muenster-150x61.jpg 150w, https:\/\/sieben.maxim-design.de\/wp-content\/uploads\/2026\/01\/cafesieben-Muenster-700x286.jpg 700w\" sizes=\"(max-width:767px) 700px, (max-width:1200px) 100vw, 1200px\" \/>\t\t\t\t\t\t\t\t\t\t\t\t\t\t\t<\/div>\n\t\t\t\t<\/div>\n\t\t<div class=\"elementor-element elementor-element-6b5e58c e-con-full e-flex e-con e-child\" data-id=\"6b5e58c\" data-element_type=\"container\">\n\t\t\t\t<div class=\"elementor-element elementor-element-ad95b78 elementor-widget elementor-widget-heading\" data-id=\"ad95b78\" data-element_type=\"widget\" data-widget_type=\"heading.default\">\n\t\t\t\t\t<h4 class=\"elementor-heading-title elementor-size-default\">Gute Drinks. Gute Momente.<\/h4>\t\t\t\t<\/div>\n\t\t\t\t<div class=\"elementor-element elementor-element-8b97169 elementor-widget elementor-widget-text-editor\" data-id=\"8b97169\" data-element_type=\"widget\" data-widget_type=\"text-editor.default\">\n\t\t\t\t\t\t\t\t\t<p>Kaffeespezialit\u00e4ten, ausgew\u00e4hlte Weine und Cocktails \u2013<br data-start=\"510\" data-end=\"513\" \/>genie\u00dfen Sie den Moment im Caf\u00e9 Sieben am Hafen M\u00fcnster.<\/p>\t\t\t\t\t\t\t\t<\/div>\n\t\t\t\t<\/div>\n\t\t\t\t\t<\/div>\n\t\t\t\t<\/div>\n\t\t\t\t<\/div>\n\t\t","protected":false},"excerpt":{"rendered":"<p>WITH CARE AND RESPECT Caf\u00e9 Sieben M\u00fcnster Direkt am Kreativkai, M\u00fcnsters sch\u00f6nem Hafen, liegt das Caf\u00e9 Sieben. Auf rund 1.000 Quadratmetern bietet das Caf\u00e9 Raum f\u00fcr<span class=\"excerpt-hellip\"> [\u2026]<\/span><\/p>\n","protected":false},"author":1,"featured_media":0,"parent":0,"menu_order":0,"comment_status":"open","ping_status":"closed","template":"","meta":{"footnotes":""},"class_list":["post-69","page","type-page","status-publish","hentry"],"_links":{"self":[{"href":"https:\/\/sieben.maxim-design.de\/index.php?rest_route=\/wp\/v2\/pages\/69","targetHints":{"allow":["GET"]}}],"collection":[{"href":"https:\/\/sieben.maxim-design.de\/index.php?rest_route=\/wp\/v2\/pages"}],"about":[{"href":"https:\/\/sieben.maxim-design.de\/index.php?rest_route=\/wp\/v2\/types\/page"}],"author":[{"embeddable":true,"href":"https:\/\/sieben.maxim-design.de\/index.php?rest_route=\/wp\/v2\/users\/1"}],"replies":[{"embeddable":true,"href":"https:\/\/sieben.maxim-design.de\/index.php?rest_route=%2Fwp%2Fv2%2Fcomments&post=69"}],"version-history":[{"count":25,"href":"https:\/\/sieben.maxim-design.de\/index.php?rest_route=\/wp\/v2\/pages\/69\/revisions"}],"predecessor-version":[{"id":622,"href":"https:\/\/sieben.maxim-design.de\/index.php?rest_route=\/wp\/v2\/pages\/69\/revisions\/622"}],"wp:attachment":[{"href":"https:\/\/sieben.maxim-design.de\/index.php?rest_route=%2Fwp%2Fv2%2Fmedia&parent=69"}],"curies":[{"name":"wp","href":"https:\/\/api.w.org\/{rel}","templated":true}]}}